{"id":13389,"date":"2016-07-14T08:24:10","date_gmt":"2016-07-14T06:24:10","guid":{"rendered":"http:\/\/www.whatsupcams.com\/de\/host-cam\/"},"modified":"2025-07-28T12:10:29","modified_gmt":"2025-07-28T10:10:29","slug":"gastgeber-einer-webcam-whatsupcams","status":"publish","type":"page","link":"https:\/\/webadmin.whatsupcams.com\/de\/gastgeber-einer-webcam-whatsupcams\/","title":{"rendered":"Hosten Sie eine Cam"},"content":{"rendered":"\t\t<div data-elementor-type=\"wp-page\" data-elementor-id=\"13389\" class=\"elementor elementor-13389 elementor-13\" data-elementor-post-type=\"page\">\n\t\t\t\t<div class=\"elementor-element elementor-element-dc717e1 e-flex e-con-boxed e-con e-parent\" data-id=\"dc717e1\" data-element_type=\"container\">\n\t\t\t\t\t<div class=\"e-con-inner\">\n\t\t\t\t<div class=\"elementor-element elementor-element-67528e9 elementor-widget elementor-widget-heading\" data-id=\"67528e9\" data-element_type=\"widget\" data-widget_type=\"heading.default\">\n\t\t\t\t\t<h1 class=\"elementor-heading-title elementor-size-default\">Hosten Sie eine Cam<\/h1>\t\t\t\t<\/div>\n\t\t\t\t\t<\/div>\n\t\t\t\t<\/div>\n\t\t<div class=\"elementor-element elementor-element-652aa792 e-flex e-con-boxed e-con e-parent\" data-id=\"652aa792\" data-element_type=\"container\">\n\t\t\t\t\t<div class=\"e-con-inner\">\n\t\t\t\t<div class=\"elementor-element elementor-element-55835d9b elementor-widget elementor-widget-text-editor\" data-id=\"55835d9b\" data-element_type=\"widget\" data-widget_type=\"text-editor.default\">\n\t\t\t\t\t\t\t\t\t<p><img fetchpriority=\"high\" decoding=\"async\" class=\"alignnone size-full wp-image-59607\" src=\"https:\/\/wuc-wp-uploads.s3.eu-central-1.amazonaws.com\/wp-content\/uploads\/2023\/03\/27194405\/banner_whatsupcams_hostacam_950x90.jpg\" alt=\"\" width=\"950\" height=\"90\" srcset=\"https:\/\/wuc-wp-uploads.s3.eu-central-1.amazonaws.com\/wp-content\/uploads\/2023\/03\/27194405\/banner_whatsupcams_hostacam_950x90.jpg 950w, https:\/\/wuc-wp-uploads.s3.eu-central-1.amazonaws.com\/wp-content\/uploads\/2023\/03\/27194405\/banner_whatsupcams_hostacam_950x90-300x28.jpg 300w, https:\/\/wuc-wp-uploads.s3.eu-central-1.amazonaws.com\/wp-content\/uploads\/2023\/03\/27194405\/banner_whatsupcams_hostacam_950x90-768x73.jpg 768w\" sizes=\"(max-width: 950px) 100vw, 950px\" \/><\/p><h2>F\u00f6rdern Sie Ihr Unternehmen mit einer Live-Streaming-Webcam!<\/h2><p>Suchen Sie nach einer einzigartigen M\u00f6glichkeit, Ihr Unternehmen oder Ihre Location zu bewerben? Die Live-Streaming-Webcams von Whatsupcams sind die ideale L\u00f6sung! Unsere hochwertigen Kameras bieten einen atemberaubenden Live-Blick auf Ihre Umgebung und geben den Zuschauern eine immersive und interaktive Erfahrung.  <\/p><h3>Erh\u00f6hen Sie die Sichtbarkeit Ihres Unternehmens mit Whatsupcams Live-Streaming-Webcams.<\/h3><p>Das Hosting einer Webcam mit Whatsupcams ist einfach und erschwinglich. Unser Team arbeitet mit Ihnen zusammen, um die perfekte Lage auszuw\u00e4hlen und die Kamera einzurichten, um sicherzustellen, dass Ihre Aussicht auf bestm\u00f6gliche Weise pr\u00e4sentiert wird. Sobald Ihre Webcam live ist, k\u00f6nnen Sie sie mit unserem Hashtag #promoteyourview bewerben und beobachten, wie Besucher aus aller Welt sich verbinden, um Ihr Panorama zu bewundern.  <\/p><p>Egal, ob Sie eine Touristenattraktion bewerben, ein Naturwunder pr\u00e4sentieren oder Besuchern einfach einen Einblick in Ihre Stadt geben m\u00f6chten, das Hosting einer Live-Streaming-Webcam mit Whatsupcams ist die perfekte L\u00f6sung. Unsere Webcams wurden in f\u00fchrenden Reisever\u00f6ffentlichungen und Websites vorgestellt, und unsere Kunden haben nach dem Hosting einer Webcam einen signifikanten Anstieg des Verkehrs und Engagements verzeichnet. <\/p><p>Verpassen Sie nicht die Gelegenheit, Ihre Aussicht mit der Welt zu teilen. Kontaktieren Sie uns noch heute, um mehr \u00fcber das Hosting einer Live-Streaming-Webcam mit Whatsupcams zu erfahren, und beginnen Sie, Ihre Aussicht mit unserem Hashtag #promoteyourview zu bewerben. Wir freuen uns darauf, Ihnen zu helfen, Ihre Aussicht mit der Welt zu teilen!  <\/p>\t\t\t\t\t\t\t\t<\/div>\n\t\t\t\t<div class=\"elementor-element elementor-element-59efa01 elementor-button-align-start elementor-widget elementor-widget-form\" data-id=\"59efa01\" data-element_type=\"widget\" data-settings=\"{&quot;step_next_label&quot;:&quot;N\\u00e4chste&quot;,&quot;step_previous_label&quot;:&quot;Vorherige&quot;,&quot;button_width&quot;:&quot;100&quot;,&quot;step_type&quot;:&quot;number_text&quot;,&quot;step_icon_shape&quot;:&quot;circle&quot;}\" data-widget_type=\"form.default\">\n\t\t\t\t\t\t\t<form class=\"elementor-form\" method=\"post\" name=\"New Form\" aria-label=\"New Form\">\n\t\t\t<input type=\"hidden\" name=\"post_id\" value=\"13389\"\/>\n\t\t\t<input type=\"hidden\" name=\"form_id\" value=\"59efa01\"\/>\n\t\t\t<input type=\"hidden\" name=\"referer_title\" value=\"Gastgeber einer webcam - Whatsupcam - Live Streaming\" \/>\n\n\t\t\t\t\t\t\t<input type=\"hidden\" name=\"queried_id\" value=\"13389\"\/>\n\t\t\t\n\t\t\t<div class=\"elementor-form-fields-wrapper elementor-labels-above\">\n\t\t\t\t\t\t\t\t<div class=\"elementor-field-type-text elementor-field-group elementor-column elementor-field-group-name elementor-col-100 elementor-field-required elementor-mark-required\">\n\t\t\t\t\t\t\t\t\t\t\t\t<label for=\"form-field-name\" class=\"elementor-field-label\">\n\t\t\t\t\t\t\t\tName\t\t\t\t\t\t\t<\/label>\n\t\t\t\t\t\t\t\t\t\t\t\t\t\t<input size=\"1\" type=\"text\" name=\"form_fields[name]\" id=\"form-field-name\" class=\"elementor-field elementor-size-sm  elementor-field-textual\" placeholder=\"Name\" required=\"required\">\n\t\t\t\t\t\t\t\t\t\t\t<\/div>\n\t\t\t\t\t\t\t\t<div class=\"elementor-field-type-email elementor-field-group elementor-column elementor-field-group-email elementor-col-100 elementor-field-required elementor-mark-required\">\n\t\t\t\t\t\t\t\t\t\t\t\t<label for=\"form-field-email\" class=\"elementor-field-label\">\n\t\t\t\t\t\t\t\tEmail\t\t\t\t\t\t\t<\/label>\n\t\t\t\t\t\t\t\t\t\t\t\t\t\t<input size=\"1\" type=\"email\" name=\"form_fields[email]\" id=\"form-field-email\" class=\"elementor-field elementor-size-sm  elementor-field-textual\" placeholder=\"Email\" required=\"required\">\n\t\t\t\t\t\t\t\t\t\t\t<\/div>\n\t\t\t\t\t\t\t\t<div class=\"elementor-field-type-textarea elementor-field-group elementor-column elementor-field-group-message elementor-col-100 elementor-field-required elementor-mark-required\">\n\t\t\t\t\t\t\t\t\t\t\t\t<label for=\"form-field-message\" class=\"elementor-field-label\">\n\t\t\t\t\t\t\t\tNachricht\t\t\t\t\t\t\t<\/label>\n\t\t\t\t\t\t<textarea class=\"elementor-field-textual elementor-field  elementor-size-sm\" name=\"form_fields[message]\" id=\"form-field-message\" rows=\"4\" placeholder=\"Nachricht\" required=\"required\"><\/textarea>\t\t\t\t<\/div>\n\t\t\t\t\t\t\t\t<div class=\"elementor-field-type-upload elementor-field-group elementor-column elementor-field-group-field_b295386 elementor-col-100 elementor-field-required elementor-mark-required\">\n\t\t\t\t\t\t\t\t\t\t\t\t<label for=\"form-field-field_b295386\" class=\"elementor-field-label\">\n\t\t\t\t\t\t\t\tUpload photo\t\t\t\t\t\t\t<\/label>\n\t\t\t\t\t\t\t\t<input type=\"file\" name=\"form_fields[field_b295386]\" id=\"form-field-field_b295386\" class=\"elementor-field elementor-size-sm  elementor-upload-field\" required=\"required\" data-maxsize=\"15\" data-maxsize-message=\"This file exceeds the maximum allowed size.\">\n\n\t\t\t\t\t\t<\/div>\n\t\t\t\t\t\t\t\t<div class=\"elementor-field-type-text\">\n\t\t\t\t\t<input size=\"1\" type=\"text\" name=\"form_fields[field_c38be57]\" id=\"form-field-field_c38be57\" class=\"elementor-field elementor-size-sm \" style=\"display:none !important;\">\t\t\t\t<\/div>\n\t\t\t\t\t\t\t\t<div class=\"elementor-field-type-text\">\n\t\t\t\t\t<input size=\"1\" type=\"text\" name=\"form_fields[field_a446b23]\" id=\"form-field-field_a446b23\" class=\"elementor-field elementor-size-sm \" style=\"display:none !important;\">\t\t\t\t<\/div>\n\t\t\t\t\t\t\t\t<div class=\"elementor-field-group elementor-column elementor-field-type-submit elementor-col-100 e-form__buttons\">\n\t\t\t\t\t<button class=\"elementor-button elementor-size-sm\" type=\"submit\">\n\t\t\t\t\t\t<span class=\"elementor-button-content-wrapper\">\n\t\t\t\t\t\t\t\t\t\t\t\t\t\t\t\t\t\t\t\t\t\t<span class=\"elementor-button-text\">Send<\/span>\n\t\t\t\t\t\t\t\t\t\t\t\t\t<\/span>\n\t\t\t\t\t<\/button>\n\t\t\t\t<\/div>\n\t\t\t<\/div>\n\t\t<\/form>\n\t\t\t\t\t\t<\/div>\n\t\t\t\t\t<\/div>\n\t\t\t\t<\/div>\n\t\t\t\t<\/div>\n\t\t","protected":false},"excerpt":{"rendered":"<p>F\u00f6rdern Sie Ihr Unternehmen mit einer Live-Streaming-Webcam! Suchen Sie nach einer einzigartigen M\u00f6glichkeit, Ihr Unternehmen oder Ihre Location zu bewerben? Die Live-Streaming-Webcams von Whatsupcams sind die ideale L\u00f6sung! Unsere hochwertigen Kameras bieten einen atemberaubenden Live-Blick auf Ihre Umgebung und geben den Zuschauern eine immersive und interaktive Erfahrung. Erh\u00f6hen Sie die Sichtbarkeit Ihres Unternehmens mit Whatsupcams [&hellip;]<\/p>\n","protected":false},"author":1,"featured_media":0,"parent":0,"menu_order":0,"comment_status":"closed","ping_status":"closed","template":"","meta":{"_acf_changed":false,"inline_featured_image":false,"footnotes":""},"class_list":["post-13389","page","type-page","status-publish","hentry"],"acf":[],"yoast_head":"<!-- This site is optimized with the Yoast SEO Premium plugin v25.7.1 (Yoast SEO v25.7) - https:\/\/yoast.com\/wordpress\/plugins\/seo\/ -->\n<title>Gastgeber einer webcam - Whatsupcam - Live Streaming<\/title>\n<meta name=\"description\" content=\"Gastgeber einer webcam - Whatsupcams Live Streaming - Host a Cam and PromoteYourView - Free or Best promote your business\" \/>\n<meta name=\"robots\" content=\"noindex, nofollow\" \/>\n<meta property=\"og:locale\" content=\"de_DE\" \/>\n<meta property=\"og:type\" content=\"article\" \/>\n<meta property=\"og:title\" content=\"Hosten Sie eine Cam\" \/>\n<meta property=\"og:description\" content=\"Gastgeber einer webcam - Whatsupcams Live Streaming - Host a Cam and PromoteYourView - Free or Best promote your business\" \/>\n<meta property=\"og:url\" content=\"https:\/\/www.whatsupcams.com\/de\/gastgeber-einer-webcam-whatsupcams\/\" \/>\n<meta property=\"og:site_name\" content=\"WhatsUpCams - LIVE Web kameras\" \/>\n<meta property=\"article:publisher\" content=\"https:\/\/www.facebook.com\/whatsupcams\/\" \/>\n<meta property=\"article:modified_time\" content=\"2025-07-28T10:10:29+00:00\" \/>\n<meta property=\"og:image\" content=\"https:\/\/webadmin.whatsupcams.com\/wp-content\/uploads\/2023\/03\/banner_whatsupcams_hostacam_950x90.jpg\" \/>\n<meta name=\"twitter:card\" content=\"summary_large_image\" \/>\n<meta name=\"twitter:site\" content=\"@Whatsup_cams\" \/>\n<meta name=\"twitter:label1\" content=\"Est. reading time\" \/>\n\t<meta name=\"twitter:data1\" content=\"2 minutes\" \/>\n<script type=\"application\/ld+json\" class=\"yoast-schema-graph\">{\"@context\":\"https:\/\/schema.org\",\"@graph\":[{\"@type\":\"WebPage\",\"@id\":\"https:\/\/www.whatsupcams.com\/de\/gastgeber-einer-webcam-whatsupcams\/\",\"url\":\"https:\/\/www.whatsupcams.com\/de\/gastgeber-einer-webcam-whatsupcams\/\",\"name\":\"Gastgeber einer webcam - Whatsupcam - Live Streaming\",\"isPartOf\":{\"@id\":\"https:\/\/www.whatsupcams.com\/en\/#website\"},\"primaryImageOfPage\":{\"@id\":\"https:\/\/www.whatsupcams.com\/de\/gastgeber-einer-webcam-whatsupcams\/#primaryimage\"},\"image\":{\"@id\":\"https:\/\/www.whatsupcams.com\/de\/gastgeber-einer-webcam-whatsupcams\/#primaryimage\"},\"thumbnailUrl\":\"https:\/\/www.whatsupcams.com\/wp-content\/uploads\/2023\/03\/banner_whatsupcams_hostacam_950x90.jpg\",\"datePublished\":\"2016-07-14T06:24:10+00:00\",\"dateModified\":\"2025-07-28T10:10:29+00:00\",\"description\":\"Gastgeber einer webcam - Whatsupcams Live Streaming - Host a Cam and PromoteYourView - Free or Best promote your business\",\"breadcrumb\":{\"@id\":\"https:\/\/www.whatsupcams.com\/de\/gastgeber-einer-webcam-whatsupcams\/#breadcrumb\"},\"inLanguage\":\"de-DE\",\"potentialAction\":[{\"@type\":\"ReadAction\",\"target\":[\"https:\/\/www.whatsupcams.com\/de\/gastgeber-einer-webcam-whatsupcams\/\"]}]},{\"@type\":\"ImageObject\",\"inLanguage\":\"de-DE\",\"@id\":\"https:\/\/www.whatsupcams.com\/de\/gastgeber-einer-webcam-whatsupcams\/#primaryimage\",\"url\":\"https:\/\/www.whatsupcams.com\/wp-content\/uploads\/2023\/03\/banner_whatsupcams_hostacam_950x90.jpg\",\"contentUrl\":\"https:\/\/www.whatsupcams.com\/wp-content\/uploads\/2023\/03\/banner_whatsupcams_hostacam_950x90.jpg\"},{\"@type\":\"BreadcrumbList\",\"@id\":\"https:\/\/www.whatsupcams.com\/de\/gastgeber-einer-webcam-whatsupcams\/#breadcrumb\",\"itemListElement\":[{\"@type\":\"ListItem\",\"position\":1,\"name\":\"Home\",\"item\":\"https:\/\/www.whatsupcams.com\/de\/\"},{\"@type\":\"ListItem\",\"position\":2,\"name\":\"Hosten Sie eine Cam\"}]},{\"@type\":\"WebSite\",\"@id\":\"https:\/\/www.whatsupcams.com\/en\/#website\",\"url\":\"https:\/\/www.whatsupcams.com\/en\/\",\"name\":\"WhatsUpCams - LIVE Web kameras\",\"description\":\"\",\"publisher\":{\"@id\":\"https:\/\/www.whatsupcams.com\/en\/#organization\"},\"potentialAction\":[{\"@type\":\"SearchAction\",\"target\":{\"@type\":\"EntryPoint\",\"urlTemplate\":\"https:\/\/www.whatsupcams.com\/en\/?s={search_term_string}\"},\"query-input\":{\"@type\":\"PropertyValueSpecification\",\"valueRequired\":true,\"valueName\":\"search_term_string\"}}],\"inLanguage\":\"de-DE\"},{\"@type\":\"Organization\",\"@id\":\"https:\/\/www.whatsupcams.com\/en\/#organization\",\"name\":\"WhatsUpCams - LIVE Web kameras\",\"url\":\"https:\/\/www.whatsupcams.com\/en\/\",\"logo\":{\"@type\":\"ImageObject\",\"inLanguage\":\"de-DE\",\"@id\":\"https:\/\/www.whatsupcams.com\/en\/#\/schema\/logo\/image\/\",\"url\":\"https:\/\/wuc-wp-uploads.s3.eu-central-1.amazonaws.com\/wp-content\/uploads\/2023\/10\/16085456\/logo.png\",\"contentUrl\":\"https:\/\/wuc-wp-uploads.s3.eu-central-1.amazonaws.com\/wp-content\/uploads\/2023\/10\/16085456\/logo.png\",\"width\":512,\"height\":512,\"caption\":\"WhatsUpCams - LIVE Web kameras\"},\"image\":{\"@id\":\"https:\/\/www.whatsupcams.com\/en\/#\/schema\/logo\/image\/\"},\"sameAs\":[\"https:\/\/www.facebook.com\/whatsupcams\/\",\"https:\/\/x.com\/Whatsup_cams\",\"https:\/\/www.instagram.com\/whatsup_cams\/\"]}]}<\/script>\n<!-- \/ Yoast SEO Premium plugin. -->","yoast_head_json":{"title":"Gastgeber einer webcam - Whatsupcam - Live Streaming","description":"Gastgeber einer webcam - Whatsupcams Live Streaming - Host a Cam and PromoteYourView - Free or Best promote your business","robots":{"index":"noindex","follow":"nofollow"},"og_locale":"de_DE","og_type":"article","og_title":"Hosten Sie eine Cam","og_description":"Gastgeber einer webcam - Whatsupcams Live Streaming - Host a Cam and PromoteYourView - Free or Best promote your business","og_url":"https:\/\/www.whatsupcams.com\/de\/gastgeber-einer-webcam-whatsupcams\/","og_site_name":"WhatsUpCams - LIVE Web kameras","article_publisher":"https:\/\/www.facebook.com\/whatsupcams\/","article_modified_time":"2025-07-28T10:10:29+00:00","og_image":[{"url":"https:\/\/webadmin.whatsupcams.com\/wp-content\/uploads\/2023\/03\/banner_whatsupcams_hostacam_950x90.jpg","type":"","width":"","height":""}],"twitter_card":"summary_large_image","twitter_site":"@Whatsup_cams","twitter_misc":{"Est. reading time":"2 minutes"},"schema":{"@context":"https:\/\/schema.org","@graph":[{"@type":"WebPage","@id":"https:\/\/www.whatsupcams.com\/de\/gastgeber-einer-webcam-whatsupcams\/","url":"https:\/\/www.whatsupcams.com\/de\/gastgeber-einer-webcam-whatsupcams\/","name":"Gastgeber einer webcam - Whatsupcam - Live Streaming","isPartOf":{"@id":"https:\/\/www.whatsupcams.com\/en\/#website"},"primaryImageOfPage":{"@id":"https:\/\/www.whatsupcams.com\/de\/gastgeber-einer-webcam-whatsupcams\/#primaryimage"},"image":{"@id":"https:\/\/www.whatsupcams.com\/de\/gastgeber-einer-webcam-whatsupcams\/#primaryimage"},"thumbnailUrl":"https:\/\/www.whatsupcams.com\/wp-content\/uploads\/2023\/03\/banner_whatsupcams_hostacam_950x90.jpg","datePublished":"2016-07-14T06:24:10+00:00","dateModified":"2025-07-28T10:10:29+00:00","description":"Gastgeber einer webcam - Whatsupcams Live Streaming - Host a Cam and PromoteYourView - Free or Best promote your business","breadcrumb":{"@id":"https:\/\/www.whatsupcams.com\/de\/gastgeber-einer-webcam-whatsupcams\/#breadcrumb"},"inLanguage":"de-DE","potentialAction":[{"@type":"ReadAction","target":["https:\/\/www.whatsupcams.com\/de\/gastgeber-einer-webcam-whatsupcams\/"]}]},{"@type":"ImageObject","inLanguage":"de-DE","@id":"https:\/\/www.whatsupcams.com\/de\/gastgeber-einer-webcam-whatsupcams\/#primaryimage","url":"https:\/\/www.whatsupcams.com\/wp-content\/uploads\/2023\/03\/banner_whatsupcams_hostacam_950x90.jpg","contentUrl":"https:\/\/www.whatsupcams.com\/wp-content\/uploads\/2023\/03\/banner_whatsupcams_hostacam_950x90.jpg"},{"@type":"BreadcrumbList","@id":"https:\/\/www.whatsupcams.com\/de\/gastgeber-einer-webcam-whatsupcams\/#breadcrumb","itemListElement":[{"@type":"ListItem","position":1,"name":"Home","item":"https:\/\/www.whatsupcams.com\/de\/"},{"@type":"ListItem","position":2,"name":"Hosten Sie eine Cam"}]},{"@type":"WebSite","@id":"https:\/\/www.whatsupcams.com\/en\/#website","url":"https:\/\/www.whatsupcams.com\/en\/","name":"WhatsUpCams - LIVE Web kameras","description":"","publisher":{"@id":"https:\/\/www.whatsupcams.com\/en\/#organization"},"potentialAction":[{"@type":"SearchAction","target":{"@type":"EntryPoint","urlTemplate":"https:\/\/www.whatsupcams.com\/en\/?s={search_term_string}"},"query-input":{"@type":"PropertyValueSpecification","valueRequired":true,"valueName":"search_term_string"}}],"inLanguage":"de-DE"},{"@type":"Organization","@id":"https:\/\/www.whatsupcams.com\/en\/#organization","name":"WhatsUpCams - LIVE Web kameras","url":"https:\/\/www.whatsupcams.com\/en\/","logo":{"@type":"ImageObject","inLanguage":"de-DE","@id":"https:\/\/www.whatsupcams.com\/en\/#\/schema\/logo\/image\/","url":"https:\/\/wuc-wp-uploads.s3.eu-central-1.amazonaws.com\/wp-content\/uploads\/2023\/10\/16085456\/logo.png","contentUrl":"https:\/\/wuc-wp-uploads.s3.eu-central-1.amazonaws.com\/wp-content\/uploads\/2023\/10\/16085456\/logo.png","width":512,"height":512,"caption":"WhatsUpCams - LIVE Web kameras"},"image":{"@id":"https:\/\/www.whatsupcams.com\/en\/#\/schema\/logo\/image\/"},"sameAs":["https:\/\/www.facebook.com\/whatsupcams\/","https:\/\/x.com\/Whatsup_cams","https:\/\/www.instagram.com\/whatsup_cams\/"]}]}},"_links":{"self":[{"href":"https:\/\/webadmin.whatsupcams.com\/de\/wp-json\/wp\/v2\/pages\/13389","targetHints":{"allow":["GET"]}}],"collection":[{"href":"https:\/\/webadmin.whatsupcams.com\/de\/wp-json\/wp\/v2\/pages"}],"about":[{"href":"https:\/\/webadmin.whatsupcams.com\/de\/wp-json\/wp\/v2\/types\/page"}],"author":[{"embeddable":true,"href":"https:\/\/webadmin.whatsupcams.com\/de\/wp-json\/wp\/v2\/users\/1"}],"replies":[{"embeddable":true,"href":"https:\/\/webadmin.whatsupcams.com\/de\/wp-json\/wp\/v2\/comments?post=13389"}],"version-history":[{"count":0,"href":"https:\/\/webadmin.whatsupcams.com\/de\/wp-json\/wp\/v2\/pages\/13389\/revisions"}],"wp:attachment":[{"href":"https:\/\/webadmin.whatsupcams.com\/de\/wp-json\/wp\/v2\/media?parent=13389"}],"curies":[{"name":"wp","href":"https:\/\/api.w.org\/{rel}","templated":true}]}}