{"id":13393,"date":"2016-07-14T08:24:10","date_gmt":"2016-07-14T06:24:10","guid":{"rendered":"http:\/\/www.whatsupcams.com\/sl\/host-cam\/"},"modified":"2025-07-28T12:10:44","modified_gmt":"2025-07-28T10:10:44","slug":"gostiti-spletno-kamero-whatsupcams","status":"publish","type":"page","link":"https:\/\/webadmin.whatsupcams.com\/sl\/gostiti-spletno-kamero-whatsupcams\/","title":{"rendered":"Gostite spletno kamero"},"content":{"rendered":"\t\t<div data-elementor-type=\"wp-page\" data-elementor-id=\"13393\" class=\"elementor elementor-13393 elementor-13\" data-elementor-post-type=\"page\">\n\t\t\t\t<div class=\"elementor-element elementor-element-dc717e1 e-flex e-con-boxed e-con e-parent\" data-id=\"dc717e1\" data-element_type=\"container\">\n\t\t\t\t\t<div class=\"e-con-inner\">\n\t\t\t\t<div class=\"elementor-element elementor-element-67528e9 elementor-widget elementor-widget-heading\" data-id=\"67528e9\" data-element_type=\"widget\" data-widget_type=\"heading.default\">\n\t\t\t\t\t<h1 class=\"elementor-heading-title elementor-size-default\">Gostite spletno kamero<\/h1>\t\t\t\t<\/div>\n\t\t\t\t\t<\/div>\n\t\t\t\t<\/div>\n\t\t<div class=\"elementor-element elementor-element-652aa792 e-flex e-con-boxed e-con e-parent\" data-id=\"652aa792\" data-element_type=\"container\">\n\t\t\t\t\t<div class=\"e-con-inner\">\n\t\t\t\t<div class=\"elementor-element elementor-element-55835d9b elementor-widget elementor-widget-text-editor\" data-id=\"55835d9b\" data-element_type=\"widget\" data-widget_type=\"text-editor.default\">\n\t\t\t\t\t\t\t\t\t<p><img fetchpriority=\"high\" decoding=\"async\" class=\"alignnone size-full wp-image-59607\" src=\"https:\/\/wuc-wp-uploads.s3.eu-central-1.amazonaws.com\/wp-content\/uploads\/2023\/03\/27194405\/banner_whatsupcams_hostacam_950x90.jpg\" alt=\"\" width=\"950\" height=\"90\" srcset=\"https:\/\/wuc-wp-uploads.s3.eu-central-1.amazonaws.com\/wp-content\/uploads\/2023\/03\/27194405\/banner_whatsupcams_hostacam_950x90.jpg 950w, https:\/\/wuc-wp-uploads.s3.eu-central-1.amazonaws.com\/wp-content\/uploads\/2023\/03\/27194405\/banner_whatsupcams_hostacam_950x90-300x28.jpg 300w, https:\/\/wuc-wp-uploads.s3.eu-central-1.amazonaws.com\/wp-content\/uploads\/2023\/03\/27194405\/banner_whatsupcams_hostacam_950x90-768x73.jpg 768w\" sizes=\"(max-width: 950px) 100vw, 950px\" \/><\/p><h2>Promovirajte svoj pogled z \u017eivo preto\u010dno spletno kamero!<\/h2><p>I\u0161\u010dete edinstven na\u010din promocije svojega podjetja ali lokacije? \u017dive preto\u010dne spletne kamere Whatsupcams so idealna re\u0161itev! Na\u0161e kamere visoke kakovosti omogo\u010dajo osupljiv pogled v \u017eivo na va\u0161e okolje, kar gledalcem omogo\u010da pristno in interaktivno izku\u0161njo.  <\/p><h3>Pove\u010dajte vidnost svojega podjetja z \u017eivimi preto\u010dnimi spletnimi kamerami Whatsupcams.<\/h3><p>Gostovanje kamere s Whatsupcams je preprosto in cenovno ugodno. Na\u0161a ekipa bo sodelovala z vami pri izbiri popolne lokacije in postavitvi kamere, zagotavljajo\u010d, da bo va\u0161 pogled predstavljen na najbolj\u0161i mo\u017een na\u010din. Ko je va\u0161a spletna kamera v \u017eivo, jo lahko promovirate s hashtagom #promoteyourview in opazujete, kako se obiskovalci iz celega sveta povezujejo, da bi ob\u010dudovali va\u0161o panoramo.  <\/p><p>Naj gre za promocijo turisti\u010dne destinacije, prikaz naravnega \u010duda ali preprosto ponujanje obiskovalcem okus va\u0161ega mesta, gostovanje \u017eive preto\u010dne spletne kamere s Whatsupcams je popolna re\u0161itev. Na\u0161e kamere so bile predstavljene v najbolj\u0161ih turisti\u010dnih publikacijah in spletnih mestih, na\u0161i klienti pa so opazili znaten porast prometa in anga\u017eiranosti po gostovanju kamere. <\/p><p>Ne zamudite prilo\u017enosti, da svoj pogled delite z svetom. Obrnite se na nas \u0161e danes, da izveste ve\u010d o gostovanju \u017eive preto\u010dne spletne kamere s Whatsupcams, in za\u010dnite promovirati svoj pogled s hashtagom #promoteyourview. Veselimo se prilo\u017enosti, da vam pomagamo deliti svoj pogled z svetom!  <\/p>\t\t\t\t\t\t\t\t<\/div>\n\t\t\t\t<div class=\"elementor-element elementor-element-59efa01 elementor-button-align-start elementor-widget elementor-widget-form\" data-id=\"59efa01\" data-element_type=\"widget\" data-settings=\"{&quot;step_next_label&quot;:&quot;Naslednja&quot;,&quot;step_previous_label&quot;:&quot;Prej\\u0161nja&quot;,&quot;button_width&quot;:&quot;100&quot;,&quot;step_type&quot;:&quot;number_text&quot;,&quot;step_icon_shape&quot;:&quot;circle&quot;}\" data-widget_type=\"form.default\">\n\t\t\t\t\t\t\t<form class=\"elementor-form\" method=\"post\" name=\"New Form\" aria-label=\"New Form\">\n\t\t\t<input type=\"hidden\" name=\"post_id\" value=\"13393\"\/>\n\t\t\t<input type=\"hidden\" name=\"form_id\" value=\"59efa01\"\/>\n\t\t\t<input type=\"hidden\" name=\"referer_title\" value=\"Gostiti spletno kamero - WhatsUpCams - Kamere v \u017eivo\" \/>\n\n\t\t\t\t\t\t\t<input type=\"hidden\" name=\"queried_id\" value=\"13393\"\/>\n\t\t\t\n\t\t\t<div class=\"elementor-form-fields-wrapper elementor-labels-above\">\n\t\t\t\t\t\t\t\t<div class=\"elementor-field-type-text elementor-field-group elementor-column elementor-field-group-name elementor-col-100 elementor-field-required elementor-mark-required\">\n\t\t\t\t\t\t\t\t\t\t\t\t<label for=\"form-field-name\" class=\"elementor-field-label\">\n\t\t\t\t\t\t\t\tIme\t\t\t\t\t\t\t<\/label>\n\t\t\t\t\t\t\t\t\t\t\t\t\t\t<input size=\"1\" type=\"text\" name=\"form_fields[name]\" id=\"form-field-name\" class=\"elementor-field elementor-size-sm  elementor-field-textual\" placeholder=\"Ime\" required=\"required\">\n\t\t\t\t\t\t\t\t\t\t\t<\/div>\n\t\t\t\t\t\t\t\t<div class=\"elementor-field-type-email elementor-field-group elementor-column elementor-field-group-email elementor-col-100 elementor-field-required elementor-mark-required\">\n\t\t\t\t\t\t\t\t\t\t\t\t<label for=\"form-field-email\" class=\"elementor-field-label\">\n\t\t\t\t\t\t\t\tEmail\t\t\t\t\t\t\t<\/label>\n\t\t\t\t\t\t\t\t\t\t\t\t\t\t<input size=\"1\" type=\"email\" name=\"form_fields[email]\" id=\"form-field-email\" class=\"elementor-field elementor-size-sm  elementor-field-textual\" placeholder=\"Email\" required=\"required\">\n\t\t\t\t\t\t\t\t\t\t\t<\/div>\n\t\t\t\t\t\t\t\t<div class=\"elementor-field-type-textarea elementor-field-group elementor-column elementor-field-group-message elementor-col-100 elementor-field-required elementor-mark-required\">\n\t\t\t\t\t\t\t\t\t\t\t\t<label for=\"form-field-message\" class=\"elementor-field-label\">\n\t\t\t\t\t\t\t\tSporo\u010dilo\t\t\t\t\t\t\t<\/label>\n\t\t\t\t\t\t<textarea class=\"elementor-field-textual elementor-field  elementor-size-sm\" name=\"form_fields[message]\" id=\"form-field-message\" rows=\"4\" placeholder=\"Sporo\u010dilo\" required=\"required\"><\/textarea>\t\t\t\t<\/div>\n\t\t\t\t\t\t\t\t<div class=\"elementor-field-type-upload elementor-field-group elementor-column elementor-field-group-field_b295386 elementor-col-100 elementor-field-required elementor-mark-required\">\n\t\t\t\t\t\t\t\t\t\t\t\t<label for=\"form-field-field_b295386\" class=\"elementor-field-label\">\n\t\t\t\t\t\t\t\tNalo\u017ei sliko\t\t\t\t\t\t\t<\/label>\n\t\t\t\t\t\t\t\t<input type=\"file\" name=\"form_fields[field_b295386]\" id=\"form-field-field_b295386\" class=\"elementor-field elementor-size-sm  elementor-upload-field\" required=\"required\" data-maxsize=\"15\" data-maxsize-message=\"This file exceeds the maximum allowed size.\">\n\n\t\t\t\t\t\t<\/div>\n\t\t\t\t\t\t\t\t<div class=\"elementor-field-type-text\">\n\t\t\t\t\t<input size=\"1\" type=\"text\" name=\"form_fields[field_c38be57]\" id=\"form-field-field_c38be57\" class=\"elementor-field elementor-size-sm \" style=\"display:none !important;\">\t\t\t\t<\/div>\n\t\t\t\t\t\t\t\t<div class=\"elementor-field-type-text\">\n\t\t\t\t\t<input size=\"1\" type=\"text\" name=\"form_fields[field_a446b23]\" id=\"form-field-field_a446b23\" class=\"elementor-field elementor-size-sm \" style=\"display:none !important;\">\t\t\t\t<\/div>\n\t\t\t\t\t\t\t\t<div class=\"elementor-field-group elementor-column elementor-field-type-submit elementor-col-100 e-form__buttons\">\n\t\t\t\t\t<button class=\"elementor-button elementor-size-sm\" type=\"submit\">\n\t\t\t\t\t\t<span class=\"elementor-button-content-wrapper\">\n\t\t\t\t\t\t\t\t\t\t\t\t\t\t\t\t\t\t\t\t\t\t<span class=\"elementor-button-text\">Send<\/span>\n\t\t\t\t\t\t\t\t\t\t\t\t\t<\/span>\n\t\t\t\t\t<\/button>\n\t\t\t\t<\/div>\n\t\t\t<\/div>\n\t\t<\/form>\n\t\t\t\t\t\t<\/div>\n\t\t\t\t\t<\/div>\n\t\t\t\t<\/div>\n\t\t\t\t<\/div>\n\t\t","protected":false},"excerpt":{"rendered":"<p>Promovirajte svoj pogled z \u017eivo preto\u010dno spletno kamero! I\u0161\u010dete edinstven na\u010din promocije svojega podjetja ali lokacije? \u017dive preto\u010dne spletne kamere Whatsupcams so idealna re\u0161itev! Na\u0161e kamere visoke kakovosti omogo\u010dajo osupljiv pogled v \u017eivo na va\u0161e okolje, kar gledalcem omogo\u010da pristno in interaktivno izku\u0161njo. Pove\u010dajte vidnost svojega podjetja z \u017eivimi preto\u010dnimi spletnimi kamerami Whatsupcams. Gostovanje kamere [&hellip;]<\/p>\n","protected":false},"author":1,"featured_media":0,"parent":0,"menu_order":0,"comment_status":"closed","ping_status":"closed","template":"","meta":{"_acf_changed":false,"inline_featured_image":false,"footnotes":""},"class_list":["post-13393","page","type-page","status-publish","hentry"],"acf":[],"yoast_head":"<!-- This site is optimized with the Yoast SEO Premium plugin v25.7.1 (Yoast SEO v25.7) - https:\/\/yoast.com\/wordpress\/plugins\/seo\/ -->\n<title>Gostiti spletno kamero - WhatsUpCams - Kamere v \u017eivo<\/title>\n<meta name=\"description\" content=\"Gostite spletne kamere What&#039;s UP in promovirajte svoje mnenje ali svoje podjetje s sistemom za prenos v \u017eivo What&#039;s UP Cams. Imamo najbolj\u0161o re\u0161itev za vse.\" \/>\n<meta name=\"robots\" content=\"noindex, nofollow\" \/>\n<meta property=\"og:locale\" content=\"sl_SI\" \/>\n<meta property=\"og:type\" content=\"article\" \/>\n<meta property=\"og:title\" content=\"Gostite spletno kamero\" \/>\n<meta property=\"og:description\" content=\"Gostite spletne kamere What&#039;s UP in promovirajte svoje mnenje ali svoje podjetje s sistemom za prenos v \u017eivo What&#039;s UP Cams. Imamo najbolj\u0161o re\u0161itev za vse.\" \/>\n<meta property=\"og:url\" content=\"https:\/\/www.whatsupcams.com\/sl\/gostiti-spletno-kamero-whatsupcams\/\" \/>\n<meta property=\"og:site_name\" content=\"WhatsUpCams - Kamere v \u017eivo\" \/>\n<meta property=\"article:publisher\" content=\"https:\/\/www.facebook.com\/whatsupcams\/\" \/>\n<meta property=\"article:modified_time\" content=\"2025-07-28T10:10:44+00:00\" \/>\n<meta property=\"og:image\" content=\"https:\/\/webadmin.whatsupcams.com\/wp-content\/uploads\/2023\/03\/banner_whatsupcams_hostacam_950x90.jpg\" \/>\n<meta name=\"twitter:card\" content=\"summary_large_image\" \/>\n<meta name=\"twitter:site\" content=\"@Whatsup_cams\" \/>\n<meta name=\"twitter:label1\" content=\"Est. reading time\" \/>\n\t<meta name=\"twitter:data1\" content=\"2 minutes\" \/>\n<script type=\"application\/ld+json\" class=\"yoast-schema-graph\">{\"@context\":\"https:\/\/schema.org\",\"@graph\":[{\"@type\":\"WebPage\",\"@id\":\"https:\/\/www.whatsupcams.com\/sl\/gostiti-spletno-kamero-whatsupcams\/\",\"url\":\"https:\/\/www.whatsupcams.com\/sl\/gostiti-spletno-kamero-whatsupcams\/\",\"name\":\"Gostiti spletno kamero - WhatsUpCams - Kamere v \u017eivo\",\"isPartOf\":{\"@id\":\"https:\/\/www.whatsupcams.com\/en\/#website\"},\"primaryImageOfPage\":{\"@id\":\"https:\/\/www.whatsupcams.com\/sl\/gostiti-spletno-kamero-whatsupcams\/#primaryimage\"},\"image\":{\"@id\":\"https:\/\/www.whatsupcams.com\/sl\/gostiti-spletno-kamero-whatsupcams\/#primaryimage\"},\"thumbnailUrl\":\"https:\/\/www.whatsupcams.com\/wp-content\/uploads\/2023\/03\/banner_whatsupcams_hostacam_950x90.jpg\",\"datePublished\":\"2016-07-14T06:24:10+00:00\",\"dateModified\":\"2025-07-28T10:10:44+00:00\",\"description\":\"Gostite spletne kamere What's UP in promovirajte svoje mnenje ali svoje podjetje s sistemom za prenos v \u017eivo What's UP Cams. Imamo najbolj\u0161o re\u0161itev za vse.\",\"breadcrumb\":{\"@id\":\"https:\/\/www.whatsupcams.com\/sl\/gostiti-spletno-kamero-whatsupcams\/#breadcrumb\"},\"inLanguage\":\"sl-SI\",\"potentialAction\":[{\"@type\":\"ReadAction\",\"target\":[\"https:\/\/www.whatsupcams.com\/sl\/gostiti-spletno-kamero-whatsupcams\/\"]}]},{\"@type\":\"ImageObject\",\"inLanguage\":\"sl-SI\",\"@id\":\"https:\/\/www.whatsupcams.com\/sl\/gostiti-spletno-kamero-whatsupcams\/#primaryimage\",\"url\":\"https:\/\/www.whatsupcams.com\/wp-content\/uploads\/2023\/03\/banner_whatsupcams_hostacam_950x90.jpg\",\"contentUrl\":\"https:\/\/www.whatsupcams.com\/wp-content\/uploads\/2023\/03\/banner_whatsupcams_hostacam_950x90.jpg\"},{\"@type\":\"BreadcrumbList\",\"@id\":\"https:\/\/www.whatsupcams.com\/sl\/gostiti-spletno-kamero-whatsupcams\/#breadcrumb\",\"itemListElement\":[{\"@type\":\"ListItem\",\"position\":1,\"name\":\"Home\",\"item\":\"https:\/\/www.whatsupcams.com\/sl\/\"},{\"@type\":\"ListItem\",\"position\":2,\"name\":\"Gostite spletno kamero\"}]},{\"@type\":\"WebSite\",\"@id\":\"https:\/\/www.whatsupcams.com\/en\/#website\",\"url\":\"https:\/\/www.whatsupcams.com\/en\/\",\"name\":\"WhatsUpCams - Kamere v \u017eivo\",\"description\":\"\",\"publisher\":{\"@id\":\"https:\/\/www.whatsupcams.com\/en\/#organization\"},\"potentialAction\":[{\"@type\":\"SearchAction\",\"target\":{\"@type\":\"EntryPoint\",\"urlTemplate\":\"https:\/\/www.whatsupcams.com\/en\/?s={search_term_string}\"},\"query-input\":{\"@type\":\"PropertyValueSpecification\",\"valueRequired\":true,\"valueName\":\"search_term_string\"}}],\"inLanguage\":\"sl-SI\"},{\"@type\":\"Organization\",\"@id\":\"https:\/\/www.whatsupcams.com\/en\/#organization\",\"name\":\"WhatsUpCams - Kamere v \u017eivo\",\"url\":\"https:\/\/www.whatsupcams.com\/en\/\",\"logo\":{\"@type\":\"ImageObject\",\"inLanguage\":\"sl-SI\",\"@id\":\"https:\/\/www.whatsupcams.com\/en\/#\/schema\/logo\/image\/\",\"url\":\"https:\/\/wuc-wp-uploads.s3.eu-central-1.amazonaws.com\/wp-content\/uploads\/2023\/10\/16085456\/logo.png\",\"contentUrl\":\"https:\/\/wuc-wp-uploads.s3.eu-central-1.amazonaws.com\/wp-content\/uploads\/2023\/10\/16085456\/logo.png\",\"width\":512,\"height\":512,\"caption\":\"WhatsUpCams - Kamere v \u017eivo\"},\"image\":{\"@id\":\"https:\/\/www.whatsupcams.com\/en\/#\/schema\/logo\/image\/\"},\"sameAs\":[\"https:\/\/www.facebook.com\/whatsupcams\/\",\"https:\/\/x.com\/Whatsup_cams\",\"https:\/\/www.instagram.com\/whatsup_cams\/\"]}]}<\/script>\n<!-- \/ Yoast SEO Premium plugin. -->","yoast_head_json":{"title":"Gostiti spletno kamero - WhatsUpCams - Kamere v \u017eivo","description":"Gostite spletne kamere What's UP in promovirajte svoje mnenje ali svoje podjetje s sistemom za prenos v \u017eivo What's UP Cams. Imamo najbolj\u0161o re\u0161itev za vse.","robots":{"index":"noindex","follow":"nofollow"},"og_locale":"sl_SI","og_type":"article","og_title":"Gostite spletno kamero","og_description":"Gostite spletne kamere What's UP in promovirajte svoje mnenje ali svoje podjetje s sistemom za prenos v \u017eivo What's UP Cams. Imamo najbolj\u0161o re\u0161itev za vse.","og_url":"https:\/\/www.whatsupcams.com\/sl\/gostiti-spletno-kamero-whatsupcams\/","og_site_name":"WhatsUpCams - Kamere v \u017eivo","article_publisher":"https:\/\/www.facebook.com\/whatsupcams\/","article_modified_time":"2025-07-28T10:10:44+00:00","og_image":[{"url":"https:\/\/webadmin.whatsupcams.com\/wp-content\/uploads\/2023\/03\/banner_whatsupcams_hostacam_950x90.jpg","type":"","width":"","height":""}],"twitter_card":"summary_large_image","twitter_site":"@Whatsup_cams","twitter_misc":{"Est. reading time":"2 minutes"},"schema":{"@context":"https:\/\/schema.org","@graph":[{"@type":"WebPage","@id":"https:\/\/www.whatsupcams.com\/sl\/gostiti-spletno-kamero-whatsupcams\/","url":"https:\/\/www.whatsupcams.com\/sl\/gostiti-spletno-kamero-whatsupcams\/","name":"Gostiti spletno kamero - WhatsUpCams - Kamere v \u017eivo","isPartOf":{"@id":"https:\/\/www.whatsupcams.com\/en\/#website"},"primaryImageOfPage":{"@id":"https:\/\/www.whatsupcams.com\/sl\/gostiti-spletno-kamero-whatsupcams\/#primaryimage"},"image":{"@id":"https:\/\/www.whatsupcams.com\/sl\/gostiti-spletno-kamero-whatsupcams\/#primaryimage"},"thumbnailUrl":"https:\/\/www.whatsupcams.com\/wp-content\/uploads\/2023\/03\/banner_whatsupcams_hostacam_950x90.jpg","datePublished":"2016-07-14T06:24:10+00:00","dateModified":"2025-07-28T10:10:44+00:00","description":"Gostite spletne kamere What's UP in promovirajte svoje mnenje ali svoje podjetje s sistemom za prenos v \u017eivo What's UP Cams. Imamo najbolj\u0161o re\u0161itev za vse.","breadcrumb":{"@id":"https:\/\/www.whatsupcams.com\/sl\/gostiti-spletno-kamero-whatsupcams\/#breadcrumb"},"inLanguage":"sl-SI","potentialAction":[{"@type":"ReadAction","target":["https:\/\/www.whatsupcams.com\/sl\/gostiti-spletno-kamero-whatsupcams\/"]}]},{"@type":"ImageObject","inLanguage":"sl-SI","@id":"https:\/\/www.whatsupcams.com\/sl\/gostiti-spletno-kamero-whatsupcams\/#primaryimage","url":"https:\/\/www.whatsupcams.com\/wp-content\/uploads\/2023\/03\/banner_whatsupcams_hostacam_950x90.jpg","contentUrl":"https:\/\/www.whatsupcams.com\/wp-content\/uploads\/2023\/03\/banner_whatsupcams_hostacam_950x90.jpg"},{"@type":"BreadcrumbList","@id":"https:\/\/www.whatsupcams.com\/sl\/gostiti-spletno-kamero-whatsupcams\/#breadcrumb","itemListElement":[{"@type":"ListItem","position":1,"name":"Home","item":"https:\/\/www.whatsupcams.com\/sl\/"},{"@type":"ListItem","position":2,"name":"Gostite spletno kamero"}]},{"@type":"WebSite","@id":"https:\/\/www.whatsupcams.com\/en\/#website","url":"https:\/\/www.whatsupcams.com\/en\/","name":"WhatsUpCams - Kamere v \u017eivo","description":"","publisher":{"@id":"https:\/\/www.whatsupcams.com\/en\/#organization"},"potentialAction":[{"@type":"SearchAction","target":{"@type":"EntryPoint","urlTemplate":"https:\/\/www.whatsupcams.com\/en\/?s={search_term_string}"},"query-input":{"@type":"PropertyValueSpecification","valueRequired":true,"valueName":"search_term_string"}}],"inLanguage":"sl-SI"},{"@type":"Organization","@id":"https:\/\/www.whatsupcams.com\/en\/#organization","name":"WhatsUpCams - Kamere v \u017eivo","url":"https:\/\/www.whatsupcams.com\/en\/","logo":{"@type":"ImageObject","inLanguage":"sl-SI","@id":"https:\/\/www.whatsupcams.com\/en\/#\/schema\/logo\/image\/","url":"https:\/\/wuc-wp-uploads.s3.eu-central-1.amazonaws.com\/wp-content\/uploads\/2023\/10\/16085456\/logo.png","contentUrl":"https:\/\/wuc-wp-uploads.s3.eu-central-1.amazonaws.com\/wp-content\/uploads\/2023\/10\/16085456\/logo.png","width":512,"height":512,"caption":"WhatsUpCams - Kamere v \u017eivo"},"image":{"@id":"https:\/\/www.whatsupcams.com\/en\/#\/schema\/logo\/image\/"},"sameAs":["https:\/\/www.facebook.com\/whatsupcams\/","https:\/\/x.com\/Whatsup_cams","https:\/\/www.instagram.com\/whatsup_cams\/"]}]}},"_links":{"self":[{"href":"https:\/\/webadmin.whatsupcams.com\/sl\/wp-json\/wp\/v2\/pages\/13393","targetHints":{"allow":["GET"]}}],"collection":[{"href":"https:\/\/webadmin.whatsupcams.com\/sl\/wp-json\/wp\/v2\/pages"}],"about":[{"href":"https:\/\/webadmin.whatsupcams.com\/sl\/wp-json\/wp\/v2\/types\/page"}],"author":[{"embeddable":true,"href":"https:\/\/webadmin.whatsupcams.com\/sl\/wp-json\/wp\/v2\/users\/1"}],"replies":[{"embeddable":true,"href":"https:\/\/webadmin.whatsupcams.com\/sl\/wp-json\/wp\/v2\/comments?post=13393"}],"version-history":[{"count":0,"href":"https:\/\/webadmin.whatsupcams.com\/sl\/wp-json\/wp\/v2\/pages\/13393\/revisions"}],"wp:attachment":[{"href":"https:\/\/webadmin.whatsupcams.com\/sl\/wp-json\/wp\/v2\/media?parent=13393"}],"curies":[{"name":"wp","href":"https:\/\/api.w.org\/{rel}","templated":true}]}}